{"id":4408,"date":"2026-03-17T08:27:39","date_gmt":"2026-03-17T08:27:39","guid":{"rendered":"https:\/\/whiteraventech.com\/blog\/"},"modified":"2026-03-17T08:53:07","modified_gmt":"2026-03-17T08:53:07","slug":"blog","status":"publish","type":"page","link":"https:\/\/whiteraventech.com\/es\/blog\/","title":{"rendered":"Blog"},"content":{"rendered":"\t\t<div data-elementor-type=\"wp-page\" data-elementor-id=\"4408\" class=\"elementor elementor-4408 elementor-4406\" data-elementor-post-type=\"page\">\n\t\t\t\t<div class=\"elementor-element elementor-element-b3ab379 e-flex e-con-boxed e-con e-parent\" data-id=\"b3ab379\" data-element_type=\"container\" data-e-type=\"container\" data-settings=\"{&quot;background_background&quot;:&quot;classic&quot;}\">\n\t\t\t\t\t<div class=\"e-con-inner\">\n\t\t<div class=\"elementor-element elementor-element-85597a8 e-con-full e-flex e-con e-child\" data-id=\"85597a8\" data-element_type=\"container\" data-e-type=\"container\">\n\t\t\t\t<div class=\"elementor-element elementor-element-691574f elementor-widget elementor-widget-heading\" data-id=\"691574f\" data-element_type=\"widget\" data-e-type=\"widget\" data-widget_type=\"heading.default\">\n\t\t\t\t<div class=\"elementor-widget-container\">\n\t\t\t\t\t<h2 class=\"elementor-heading-title elementor-size-default\">Nuestro blog<\/h2>\t\t\t\t<\/div>\n\t\t\t\t<\/div>\n\t\t\t\t<div class=\"elementor-element elementor-element-56d395b elementor-widget elementor-widget-text-editor\" data-id=\"56d395b\" data-element_type=\"widget\" data-e-type=\"widget\" data-widget_type=\"text-editor.default\">\n\t\t\t\t<div class=\"elementor-widget-container\">\n\t\t\t\t\t\t\t\t\tPerspectivas, estrategias e historias de las primeras l\u00edneas del desarrollo de productos, la innovaci\u00f3n en compras y el crecimiento de startups. Creado para ayudarte a crecer, paso a paso. \t\t\t\t\t\t\t\t<\/div>\n\t\t\t\t<\/div>\n\t\t\t\t<\/div>\n\t\t\t\t\t<\/div>\n\t\t\t\t<\/div>\n\t\t<div class=\"elementor-element elementor-element-46266da e-flex e-con-boxed e-con e-parent\" data-id=\"46266da\" data-element_type=\"container\" data-e-type=\"container\">\n\t\t\t\t\t<div class=\"e-con-inner\">\n\t\t\t\t<div class=\"elementor-element elementor-element-8e573d7 elementor-grid-3 elementor-grid-tablet-2 elementor-grid-mobile-1 elementor-posts--thumbnail-top elementor-card-shadow-yes elementor-posts__hover-gradient elementor-widget elementor-widget-posts\" data-id=\"8e573d7\" data-element_type=\"widget\" data-e-type=\"widget\" data-settings=\"{&quot;cards_columns&quot;:&quot;3&quot;,&quot;cards_columns_tablet&quot;:&quot;2&quot;,&quot;cards_columns_mobile&quot;:&quot;1&quot;,&quot;cards_row_gap&quot;:{&quot;unit&quot;:&quot;px&quot;,&quot;size&quot;:35,&quot;sizes&quot;:[]},&quot;cards_row_gap_tablet&quot;:{&quot;unit&quot;:&quot;px&quot;,&quot;size&quot;:&quot;&quot;,&quot;sizes&quot;:[]},&quot;cards_row_gap_mobile&quot;:{&quot;unit&quot;:&quot;px&quot;,&quot;size&quot;:&quot;&quot;,&quot;sizes&quot;:[]}}\" data-widget_type=\"posts.cards\">\n\t\t\t\t<div class=\"elementor-widget-container\">\n\t\t\t\t\t\t\t<div class=\"elementor-posts-container elementor-posts elementor-posts--skin-cards elementor-grid\" role=\"list\">\n\t\t\t\t<article class=\"elementor-post elementor-grid-item post-3358 post type-post status-publish format-standard has-post-thumbnail hentry category-sin-categoria\" role=\"listitem\">\n\t\t\t<div class=\"elementor-post__card\">\n\t\t\t\t<a class=\"elementor-post__thumbnail__link\" href=\"https:\/\/whiteraventech.com\/es\/por-que-las-startups-no-logran-escalar-y-como-solucionarlo-con-el-apoyo-adecuado\/\" tabindex=\"-1\" ><div class=\"elementor-post__thumbnail\"><img fetchpriority=\"high\" decoding=\"async\" width=\"768\" height=\"432\" src=\"https:\/\/whiteraventech.com\/wp-content\/uploads\/2025\/06\/WRT-Blog-768x432.jpg\" class=\"attachment-medium_large size-medium_large wp-image-3311\" alt=\"\" srcset=\"https:\/\/whiteraventech.com\/wp-content\/uploads\/2025\/06\/WRT-Blog-768x432.jpg 768w, https:\/\/whiteraventech.com\/wp-content\/uploads\/2025\/06\/WRT-Blog-300x169.jpg 300w, https:\/\/whiteraventech.com\/wp-content\/uploads\/2025\/06\/WRT-Blog-1024x576.jpg 1024w, https:\/\/whiteraventech.com\/wp-content\/uploads\/2025\/06\/WRT-Blog-1536x864.jpg 1536w, https:\/\/whiteraventech.com\/wp-content\/uploads\/2025\/06\/WRT-Blog-2048x1152.jpg 2048w\" sizes=\"(max-width: 768px) 100vw, 768px\" \/><\/div><\/a>\n\t\t\t\t<div class=\"elementor-post__text\">\n\t\t\t\t<h3 class=\"elementor-post__title\">\n\t\t\t<a href=\"https:\/\/whiteraventech.com\/es\/por-que-las-startups-no-logran-escalar-y-como-solucionarlo-con-el-apoyo-adecuado\/\" >\n\t\t\t\tPor qu\u00e9 las startups no logran escalar y c\u00f3mo solucionarlo con el apoyo adecuado\t\t\t<\/a>\n\t\t<\/h3>\n\t\t\n\t\t<a class=\"elementor-post__read-more\" href=\"https:\/\/whiteraventech.com\/es\/por-que-las-startups-no-logran-escalar-y-como-solucionarlo-con-el-apoyo-adecuado\/\" aria-label=\"Read more about Por qu\u00e9 las startups no logran escalar y c\u00f3mo solucionarlo con el apoyo adecuado\" tabindex=\"-1\" >\n\t\t\tLeer m\u00e1s \"\t\t<\/a>\n\n\t\t\t\t<\/div>\n\t\t\t\t\t<\/div>\n\t\t<\/article>\n\t\t\t\t<article class=\"elementor-post elementor-grid-item post-3361 post type-post status-publish format-standard has-post-thumbnail hentry category-sin-categoria\" role=\"listitem\">\n\t\t\t<div class=\"elementor-post__card\">\n\t\t\t\t<a class=\"elementor-post__thumbnail__link\" href=\"https:\/\/whiteraventech.com\/es\/como-crear-un-equipo-tecnico-remoto-de-alto-rendimiento-sin-perder-la-cabeza\/\" tabindex=\"-1\" ><div class=\"elementor-post__thumbnail\"><img decoding=\"async\" width=\"768\" height=\"432\" src=\"https:\/\/whiteraventech.com\/wp-content\/uploads\/2025\/06\/2-768x432.jpg\" class=\"attachment-medium_large size-medium_large wp-image-3321\" alt=\"Laptop screen showing a video call with four diverse team members, overlaid with text: \u20185 Tips to Build a High-Performing Remote Tech Team (Without Losing Your Mind).\" srcset=\"https:\/\/whiteraventech.com\/wp-content\/uploads\/2025\/06\/2-768x432.jpg 768w, https:\/\/whiteraventech.com\/wp-content\/uploads\/2025\/06\/2-300x169.jpg 300w, https:\/\/whiteraventech.com\/wp-content\/uploads\/2025\/06\/2-1024x576.jpg 1024w, https:\/\/whiteraventech.com\/wp-content\/uploads\/2025\/06\/2-1536x864.jpg 1536w, https:\/\/whiteraventech.com\/wp-content\/uploads\/2025\/06\/2-2048x1152.jpg 2048w\" sizes=\"(max-width: 768px) 100vw, 768px\" \/><\/div><\/a>\n\t\t\t\t<div class=\"elementor-post__text\">\n\t\t\t\t<h3 class=\"elementor-post__title\">\n\t\t\t<a href=\"https:\/\/whiteraventech.com\/es\/como-crear-un-equipo-tecnico-remoto-de-alto-rendimiento-sin-perder-la-cabeza\/\" >\n\t\t\t\tC\u00f3mo crear un equipo t\u00e9cnico remoto de alto rendimiento (sin perder la cabeza)\t\t\t<\/a>\n\t\t<\/h3>\n\t\t\n\t\t<a class=\"elementor-post__read-more\" href=\"https:\/\/whiteraventech.com\/es\/como-crear-un-equipo-tecnico-remoto-de-alto-rendimiento-sin-perder-la-cabeza\/\" aria-label=\"Read more about C\u00f3mo crear un equipo t\u00e9cnico remoto de alto rendimiento (sin perder la cabeza)\" tabindex=\"-1\" >\n\t\t\tLeer m\u00e1s \"\t\t<\/a>\n\n\t\t\t\t<\/div>\n\t\t\t\t\t<\/div>\n\t\t<\/article>\n\t\t\t\t<article class=\"elementor-post elementor-grid-item post-3348 post type-post status-publish format-standard has-post-thumbnail hentry\" role=\"listitem\">\n\t\t\t<div class=\"elementor-post__card\">\n\t\t\t\t<a class=\"elementor-post__thumbnail__link\" href=\"https:\/\/whiteraventech.com\/es\/software-de-compras-para-la-empresa-moderna-por-que-los-correos-electronicos-y-excel-cuestan-mas-de-lo-que-cree\/\" tabindex=\"-1\" ><div class=\"elementor-post__thumbnail\"><img decoding=\"async\" width=\"768\" height=\"432\" src=\"https:\/\/whiteraventech.com\/wp-content\/uploads\/2025\/06\/WRT-Blog-3-768x432.jpg\" class=\"attachment-medium_large size-medium_large wp-image-3341\" alt=\"\" srcset=\"https:\/\/whiteraventech.com\/wp-content\/uploads\/2025\/06\/WRT-Blog-3-768x432.jpg 768w, https:\/\/whiteraventech.com\/wp-content\/uploads\/2025\/06\/WRT-Blog-3-300x169.jpg 300w, https:\/\/whiteraventech.com\/wp-content\/uploads\/2025\/06\/WRT-Blog-3-1024x576.jpg 1024w, https:\/\/whiteraventech.com\/wp-content\/uploads\/2025\/06\/WRT-Blog-3-1536x864.jpg 1536w, https:\/\/whiteraventech.com\/wp-content\/uploads\/2025\/06\/WRT-Blog-3-2048x1152.jpg 2048w\" sizes=\"(max-width: 768px) 100vw, 768px\" \/><\/div><\/a>\n\t\t\t\t<div class=\"elementor-post__text\">\n\t\t\t\t<h3 class=\"elementor-post__title\">\n\t\t\t<a href=\"https:\/\/whiteraventech.com\/es\/software-de-compras-para-la-empresa-moderna-por-que-los-correos-electronicos-y-excel-cuestan-mas-de-lo-que-cree\/\" >\n\t\t\t\tSoftware de compras para la empresa moderna: Por qu\u00e9 los correos electr\u00f3nicos y Excel cuestan m\u00e1s de lo que cree\t\t\t<\/a>\n\t\t<\/h3>\n\t\t\n\t\t<a class=\"elementor-post__read-more\" href=\"https:\/\/whiteraventech.com\/es\/software-de-compras-para-la-empresa-moderna-por-que-los-correos-electronicos-y-excel-cuestan-mas-de-lo-que-cree\/\" aria-label=\"Read more about Software de compras para la empresa moderna: Por qu\u00e9 los correos electr\u00f3nicos y Excel cuestan m\u00e1s de lo que cree\" tabindex=\"-1\" >\n\t\t\tLeer m\u00e1s \"\t\t<\/a>\n\n\t\t\t\t<\/div>\n\t\t\t\t\t<\/div>\n\t\t<\/article>\n\t\t\t\t<\/div>\n\t\t\n\t\t\t\t\t\t<\/div>\n\t\t\t\t<\/div>\n\t\t\t\t\t<\/div>\n\t\t\t\t<\/div>\n\t\t\t\t<\/div>\n\t\t","protected":false},"excerpt":{"rendered":"<p>Nuestro blog Perspectivas, estrategias e historias de las primeras l\u00edneas del desarrollo de productos, la innovaci\u00f3n en compras y el crecimiento de startups. Creado para<\/p>\n","protected":false},"author":2,"featured_media":0,"parent":0,"menu_order":0,"comment_status":"closed","ping_status":"closed","template":"elementor_header_footer","meta":{"_kadence_starter_templates_imported_post":false,"_kad_post_transparent":"","_kad_post_title":"","_kad_post_layout":"","_kad_post_sidebar_id":"","_kad_post_content_style":"","_kad_post_vertical_padding":"","_kad_post_feature":"","_kad_post_feature_position":"","_kad_post_header":false,"_kad_post_footer":false,"_kad_post_classname":"","footnotes":""},"class_list":["post-4408","page","type-page","status-publish","hentry"],"_links":{"self":[{"href":"https:\/\/whiteraventech.com\/es\/wp-json\/wp\/v2\/pages\/4408","targetHints":{"allow":["GET"]}}],"collection":[{"href":"https:\/\/whiteraventech.com\/es\/wp-json\/wp\/v2\/pages"}],"about":[{"href":"https:\/\/whiteraventech.com\/es\/wp-json\/wp\/v2\/types\/page"}],"author":[{"embeddable":true,"href":"https:\/\/whiteraventech.com\/es\/wp-json\/wp\/v2\/users\/2"}],"replies":[{"embeddable":true,"href":"https:\/\/whiteraventech.com\/es\/wp-json\/wp\/v2\/comments?post=4408"}],"version-history":[{"count":2,"href":"https:\/\/whiteraventech.com\/es\/wp-json\/wp\/v2\/pages\/4408\/revisions"}],"predecessor-version":[{"id":4427,"href":"https:\/\/whiteraventech.com\/es\/wp-json\/wp\/v2\/pages\/4408\/revisions\/4427"}],"wp:attachment":[{"href":"https:\/\/whiteraventech.com\/es\/wp-json\/wp\/v2\/media?parent=4408"}],"curies":[{"name":"wp","href":"https:\/\/api.w.org\/{rel}","templated":true}]}}