{"id":4077,"date":"2025-08-26T13:59:01","date_gmt":"2025-08-26T13:59:01","guid":{"rendered":"https:\/\/whiteraventech.com\/ueber-uns\/"},"modified":"2025-08-26T14:01:28","modified_gmt":"2025-08-26T14:01:28","slug":"ueber-uns","status":"publish","type":"page","link":"https:\/\/whiteraventech.com\/de\/ueber-uns\/","title":{"rendered":"\u00dcber uns"},"content":{"rendered":"\t\t<div data-elementor-type=\"wp-page\" data-elementor-id=\"4077\" class=\"elementor elementor-4077 elementor-4075\" data-elementor-post-type=\"page\">\n\t\t\t\t<div class=\"elementor-element elementor-element-fb0c6dd e-flex e-con-boxed e-con e-parent\" data-id=\"fb0c6dd\" data-element_type=\"container\" data-e-type=\"container\" data-settings=\"{&quot;background_background&quot;:&quot;classic&quot;}\">\n\t\t\t\t\t<div class=\"e-con-inner\">\n\t\t\t\t<div class=\"elementor-element elementor-element-93a00b6 elementor-widget elementor-widget-heading\" data-id=\"93a00b6\" data-element_type=\"widget\" data-e-type=\"widget\" data-widget_type=\"heading.default\">\n\t\t\t\t<div class=\"elementor-widget-container\">\n\t\t\t\t\t<h2 class=\"elementor-heading-title elementor-size-default\">\u00dcber White Raven Tech<\/h2>\t\t\t\t<\/div>\n\t\t\t\t<\/div>\n\t\t\t\t\t<\/div>\n\t\t\t\t<\/div>\n\t\t\t\t<section class=\"elementor-section elementor-top-section elementor-element elementor-element-0cfe6b1 elementor-section-boxed elementor-section-height-default elementor-section-height-default\" data-id=\"0cfe6b1\" data-element_type=\"section\" data-e-type=\"section\">\n\t\t\t\t\t\t<div class=\"elementor-container elementor-column-gap-default\">\n\t\t\t\t\t<div class=\"elementor-column elementor-col-50 elementor-top-column elementor-element elementor-element-880d3d0 elementor-invisible\" data-id=\"880d3d0\" data-element_type=\"column\" data-e-type=\"column\" data-settings=\"{&quot;animation&quot;:&quot;fadeIn&quot;,&quot;animation_delay&quot;:300}\">\n\t\t\t<div class=\"elementor-widget-wrap elementor-element-populated\">\n\t\t\t\t\t\t<div class=\"elementor-element elementor-element-b326aa6 elementor-widget elementor-widget-heading\" data-id=\"b326aa6\" data-element_type=\"widget\" data-e-type=\"widget\" data-widget_type=\"heading.default\">\n\t\t\t\t<div class=\"elementor-widget-container\">\n\t\t\t\t\t<h5 class=\"elementor-heading-title elementor-size-default\">\u00dcber uns<\/h5>\t\t\t\t<\/div>\n\t\t\t\t<\/div>\n\t\t\t\t<div class=\"elementor-element elementor-element-5685f4d elementor-widget elementor-widget-heading\" data-id=\"5685f4d\" data-element_type=\"widget\" data-e-type=\"widget\" data-widget_type=\"heading.default\">\n\t\t\t\t<div class=\"elementor-widget-container\">\n\t\t\t\t\t<h3 class=\"elementor-heading-title elementor-size-default\">Ein Partner. Unendliche M\u00f6glichkeiten. <\/h3>\t\t\t\t<\/div>\n\t\t\t\t<\/div>\n\t\t\t\t<div class=\"elementor-element elementor-element-9ee70ef elementor-widget elementor-widget-text-editor\" data-id=\"9ee70ef\" data-element_type=\"widget\" data-e-type=\"widget\" data-widget_type=\"text-editor.default\">\n\t\t\t\t<div class=\"elementor-widget-container\">\n\t\t\t\t\t\t\t\t\t<p>White Raven Technologies (WRT) ist ein bikontinentales Technologieunternehmen mit Hauptsitz in den USA und Estland. Wir sind darauf spezialisiert, Startups und expandierende Unternehmen dabei zu unterst\u00fctzen, ihre Ideen durch Produktentwicklung, strategische Beratung und operative Unterst\u00fctzung zum Leben zu erwecken und auf die n\u00e4chste Stufe zu heben. <\/p>\t\t\t\t\t\t\t\t<\/div>\n\t\t\t\t<\/div>\n\t\t\t\t<div class=\"elementor-element elementor-element-1f4deda elementor-widget elementor-widget-heading\" data-id=\"1f4deda\" data-element_type=\"widget\" data-e-type=\"widget\" data-widget_type=\"heading.default\">\n\t\t\t\t<div class=\"elementor-widget-container\">\n\t\t\t\t\t<h3 class=\"elementor-heading-title elementor-size-default\">Unsere Grundwerte<\/h3>\t\t\t\t<\/div>\n\t\t\t\t<\/div>\n\t\t\t\t<div class=\"elementor-element elementor-element-5d7cedb elementor-widget elementor-widget-text-editor\" data-id=\"5d7cedb\" data-element_type=\"widget\" data-e-type=\"widget\" data-widget_type=\"text-editor.default\">\n\t\t\t\t<div class=\"elementor-widget-container\">\n\t\t\t\t\t\t\t\t\t<ul><li><em>Integrit\u00e4t statt Schlagworte<\/em><\/li><li><em>Partnerschaft statt Transaktionen<\/em><\/li><li><em>Exzellenz ohne Ego  <\/em><\/li><li><em>Wachstumsdenken, immer<\/em> s<\/li><\/ul>\t\t\t\t\t\t\t\t<\/div>\n\t\t\t\t<\/div>\n\t\t\t\t\t<\/div>\n\t\t<\/div>\n\t\t\t\t<div class=\"elementor-column elementor-col-50 elementor-top-column elementor-element elementor-element-c14e870\" data-id=\"c14e870\" data-element_type=\"column\" data-e-type=\"column\">\n\t\t\t<div class=\"elementor-widget-wrap elementor-element-populated\">\n\t\t\t\t\t\t<div class=\"elementor-element elementor-element-738eb9d elementor-widget elementor-widget-image-carousel\" data-id=\"738eb9d\" data-element_type=\"widget\" data-e-type=\"widget\" data-settings=\"{&quot;navigation&quot;:&quot;none&quot;,&quot;slides_to_show&quot;:&quot;1&quot;,&quot;autoplay_speed&quot;:3000,&quot;effect&quot;:&quot;fade&quot;,&quot;speed&quot;:600,&quot;autoplay&quot;:&quot;yes&quot;,&quot;pause_on_hover&quot;:&quot;yes&quot;,&quot;pause_on_interaction&quot;:&quot;yes&quot;,&quot;infinite&quot;:&quot;yes&quot;}\" data-widget_type=\"image-carousel.default\">\n\t\t\t\t<div class=\"elementor-widget-container\">\n\t\t\t\t\t\t\t<div class=\"elementor-image-carousel-wrapper swiper\" role=\"region\" aria-roledescription=\"carousel\" aria-label=\"Image Carousel\" dir=\"ltr\">\n\t\t\t<div class=\"elementor-image-carousel swiper-wrapper\" aria-live=\"off\">\n\t\t\t\t\t\t\t\t<div class=\"swiper-slide\" role=\"group\" aria-roledescription=\"slide\" aria-label=\"1 von 4\"><figure class=\"swiper-slide-inner\"><img decoding=\"async\" class=\"swiper-slide-image\" src=\"https:\/\/whiteraventech.com\/wp-content\/uploads\/2020\/11\/pexels-fauxels-3184655.jpg\" alt=\"pexels-fauxels-3184655\" \/><\/figure><\/div><div class=\"swiper-slide\" role=\"group\" aria-roledescription=\"slide\" aria-label=\"2 von 4\"><figure class=\"swiper-slide-inner\"><img decoding=\"async\" class=\"swiper-slide-image\" src=\"https:\/\/whiteraventech.com\/wp-content\/uploads\/2020\/11\/pexels-fauxels-3184643.jpg\" alt=\"pexels-fauxels-3184643\" \/><\/figure><\/div><div class=\"swiper-slide\" role=\"group\" aria-roledescription=\"slide\" aria-label=\"3 von 4\"><figure class=\"swiper-slide-inner\"><img decoding=\"async\" class=\"swiper-slide-image\" src=\"https:\/\/whiteraventech.com\/wp-content\/uploads\/2020\/11\/pexels-fauxels-3184651.jpg\" alt=\"pexels-fauxels-3184651\" \/><\/figure><\/div><div class=\"swiper-slide\" role=\"group\" aria-roledescription=\"slide\" aria-label=\"4 von 4\"><figure class=\"swiper-slide-inner\"><img decoding=\"async\" class=\"swiper-slide-image\" src=\"https:\/\/whiteraventech.com\/wp-content\/uploads\/2020\/11\/pexels-fauxels-3184657.jpg\" alt=\"pexels-fauxels-3184657\" \/><\/figure><\/div>\t\t\t<\/div>\n\t\t\t\t\t\t\t\n\t\t\t\t\t\t\t\t\t<\/div>\n\t\t\t\t\t\t<\/div>\n\t\t\t\t<\/div>\n\t\t\t\t\t<\/div>\n\t\t<\/div>\n\t\t\t\t\t<\/div>\n\t\t<\/section>\n\t\t\t\t<section class=\"elementor-section elementor-top-section elementor-element elementor-element-01f8571 elementor-section-boxed elementor-section-height-default elementor-section-height-default\" data-id=\"01f8571\" data-element_type=\"section\" data-e-type=\"section\">\n\t\t\t\t\t\t<div class=\"elementor-container elementor-column-gap-extended\">\n\t\t\t\t\t<div class=\"elementor-column elementor-col-50 elementor-top-column elementor-element elementor-element-4b29416\" data-id=\"4b29416\" data-element_type=\"column\" data-e-type=\"column\">\n\t\t\t<div class=\"elementor-widget-wrap elementor-element-populated\">\n\t\t\t\t\t\t<div class=\"elementor-element elementor-element-61e1985 elementor-widget elementor-widget-image\" data-id=\"61e1985\" data-element_type=\"widget\" data-e-type=\"widget\" data-widget_type=\"image.default\">\n\t\t\t\t<div class=\"elementor-widget-container\">\n\t\t\t\t\t\t\t\t\t\t\t\t\t\t\t<img fetchpriority=\"high\" decoding=\"async\" width=\"765\" height=\"1024\" src=\"https:\/\/whiteraventech.com\/wp-content\/uploads\/2020\/11\/pexels-fauxels-3184359-765x1024.jpg\" class=\"attachment-large size-large wp-image-3186\" alt=\"\" srcset=\"https:\/\/whiteraventech.com\/wp-content\/uploads\/2020\/11\/pexels-fauxels-3184359-765x1024.jpg 765w, https:\/\/whiteraventech.com\/wp-content\/uploads\/2020\/11\/pexels-fauxels-3184359-224x300.jpg 224w, https:\/\/whiteraventech.com\/wp-content\/uploads\/2020\/11\/pexels-fauxels-3184359-768x1028.jpg 768w, https:\/\/whiteraventech.com\/wp-content\/uploads\/2020\/11\/pexels-fauxels-3184359.jpg 900w\" sizes=\"(max-width: 765px) 100vw, 765px\" \/>\t\t\t\t\t\t\t\t\t\t\t\t\t\t\t<\/div>\n\t\t\t\t<\/div>\n\t\t\t\t\t<\/div>\n\t\t<\/div>\n\t\t\t\t<div class=\"elementor-column elementor-col-50 elementor-top-column elementor-element elementor-element-d1140ff\" data-id=\"d1140ff\" data-element_type=\"column\" data-e-type=\"column\">\n\t\t\t<div class=\"elementor-widget-wrap elementor-element-populated\">\n\t\t\t\t\t\t<div class=\"elementor-element elementor-element-21721d2 elementor-widget elementor-widget-heading\" data-id=\"21721d2\" data-element_type=\"widget\" data-e-type=\"widget\" data-widget_type=\"heading.default\">\n\t\t\t\t<div class=\"elementor-widget-container\">\n\t\t\t\t\t<h2 class=\"elementor-heading-title elementor-size-default\">Was macht uns anders?<\/h2>\t\t\t\t<\/div>\n\t\t\t\t<\/div>\n\t\t\t\t<div class=\"elementor-element elementor-element-10c283c elementor-widget elementor-widget-text-editor\" data-id=\"10c283c\" data-element_type=\"widget\" data-e-type=\"widget\" data-widget_type=\"text-editor.default\">\n\t\t\t\t<div class=\"elementor-widget-container\">\n\t\t\t\t\t\t\t\t\t<p>Wir sind nicht nur ein Entwicklungsstudio. Wir sind Ihr Komplettpartner. WRT besitzt und betreibt ein eigenes Softwareunternehmen. Dadurch verf\u00fcgen wir \u00fcber ein fundiertes technisches Fundament und ein einzigartiges Verst\u00e4ndnis daf\u00fcr, was f\u00fcr die Skalierung eines digitalen Unternehmens wirklich notwendig ist. Von erstklassigen Projektmanagern \u00fcber sorgf\u00e4ltige Tester bis hin zu virtuellen Assistenten \u2013 unser Team ist darauf ausgerichtet, die L\u00fccken zu schlie\u00dfen, damit Sie sich auf Ihre Vision konzentrieren k\u00f6nnen.     <\/p><p>Wir arbeiten mit Startups in der Fr\u00fchphase (Stufe 3), mittelst\u00e4ndischen Unternehmen (Stufe 2), Enterprise-Teams und Konzernen (Stufe 1) zusammen, die hochwertige Dienstleistungen ohne Overhead ben\u00f6tigen. Egal, ob Sie ein Technologieunternehmen von Grund auf aufbauen, bestehende Module optimieren oder expandieren \u2013 wir unterst\u00fctzen Sie dabei, intelligent zu skalieren, schnell zu skalieren und stark zu wachsen. <\/p>\t\t\t\t\t\t\t\t<\/div>\n\t\t\t\t<\/div>\n\t\t\t\t<div class=\"elementor-element elementor-element-2576222 elementor-widget elementor-widget-heading\" data-id=\"2576222\" data-element_type=\"widget\" data-e-type=\"widget\" data-widget_type=\"heading.default\">\n\t\t\t\t<div class=\"elementor-widget-container\">\n\t\t\t\t\t<h2 class=\"elementor-heading-title elementor-size-default\">Unsere Mission<\/h2>\t\t\t\t<\/div>\n\t\t\t\t<\/div>\n\t\t\t\t<div class=\"elementor-element elementor-element-6ec8bcb elementor-widget elementor-widget-text-editor\" data-id=\"6ec8bcb\" data-element_type=\"widget\" data-e-type=\"widget\" data-widget_type=\"text-editor.default\">\n\t\t\t\t<div class=\"elementor-widget-container\">\n\t\t\t\t\t\t\t\t\t<p>Um die Skalierung eines Unternehmens zu erleichtern, indem wir umfassenden, zuverl\u00e4ssigen und flexiblen Support unter einem vertrauensw\u00fcrdigen Dach bieten<\/p>\t\t\t\t\t\t\t\t<\/div>\n\t\t\t\t<\/div>\n\t\t\t\t\t<\/div>\n\t\t<\/div>\n\t\t\t\t\t<\/div>\n\t\t<\/section>\n\t\t\t\t<section class=\"elementor-section elementor-top-section elementor-element elementor-element-f598181 elementor-section-boxed elementor-section-height-default elementor-section-height-default\" data-id=\"f598181\" data-element_type=\"section\" data-e-type=\"section\" data-settings=\"{&quot;background_background&quot;:&quot;classic&quot;}\">\n\t\t\t\t\t\t\t<div class=\"elementor-background-overlay\"><\/div>\n\t\t\t\t\t\t\t<div class=\"elementor-container elementor-column-gap-default\">\n\t\t\t\t\t<div class=\"elementor-column elementor-col-100 elementor-top-column elementor-element elementor-element-e092192\" data-id=\"e092192\" data-element_type=\"column\" data-e-type=\"column\">\n\t\t\t<div class=\"elementor-widget-wrap elementor-element-populated\">\n\t\t\t\t\t\t<div class=\"elementor-element elementor-element-0103de2 elementor-widget elementor-widget-heading\" data-id=\"0103de2\" data-element_type=\"widget\" data-e-type=\"widget\" data-widget_type=\"heading.default\">\n\t\t\t\t<div class=\"elementor-widget-container\">\n\t\t\t\t\t<h2 class=\"elementor-heading-title elementor-size-default\">Bereit, Ihr Gesch\u00e4ft auszubauen?<\/h2>\t\t\t\t<\/div>\n\t\t\t\t<\/div>\n\t\t\t\t<div class=\"elementor-element elementor-element-4e2a2f5 elementor-widget elementor-widget-text-editor\" data-id=\"4e2a2f5\" data-element_type=\"widget\" data-e-type=\"widget\" data-widget_type=\"text-editor.default\">\n\t\t\t\t<div class=\"elementor-widget-container\">\n\t\t\t\t\t\t\t\t\t<p>Erschlie\u00dfen Sie Wachstum mit der richtigen Technologie, dem richtigen Team und der richtigen Strategie. Bei White Raven Technologies unterst\u00fctzen wir Startups und etablierte Unternehmen dabei, intelligenter zu skalieren \u2013 von der Produktentwicklung bis zur Beschaffungsautomatisierung. <\/p>\t\t\t\t\t\t\t\t<\/div>\n\t\t\t\t<\/div>\n\t\t<div class=\"elementor-element elementor-element-59df622 e-flex e-con-boxed e-con e-parent\" data-id=\"59df622\" data-element_type=\"container\" data-e-type=\"container\">\n\t\t\t\t\t<div class=\"e-con-inner\">\n\t\t\t\t<div class=\"elementor-element elementor-element-9196610 elementor-align-center elementor-widget elementor-widget-button\" data-id=\"9196610\" data-element_type=\"widget\" data-e-type=\"widget\" data-widget_type=\"button.default\">\n\t\t\t\t<div class=\"elementor-widget-container\">\n\t\t\t\t\t\t\t\t\t<div class=\"elementor-button-wrapper\">\n\t\t\t\t\t<a class=\"elementor-button elementor-button-link elementor-size-md\" href=\"#elementor-action%3Aaction%3Dpopup%3Aopen%26settings%3DeyJpZCI6MzM1MiwidG9nZ2xlIjpmYWxzZX0%3D\">\n\t\t\t\t\t\t<span class=\"elementor-button-content-wrapper\">\n\t\t\t\t\t\t\t\t\t<span class=\"elementor-button-text\">Erste Schritte<\/span>\n\t\t\t\t\t<\/span>\n\t\t\t\t\t<\/a>\n\t\t\t\t<\/div>\n\t\t\t\t\t\t\t\t<\/div>\n\t\t\t\t<\/div>\n\t\t\t\t\t<\/div>\n\t\t\t\t<\/div>\n\t\t\t\t\t<\/div>\n\t\t<\/div>\n\t\t\t\t\t<\/div>\n\t\t<\/section>\n\t\t\t\t<section class=\"elementor-section elementor-top-section elementor-element elementor-element-6c463a5 elementor-section-boxed elementor-section-height-default elementor-section-height-default\" data-id=\"6c463a5\" data-element_type=\"section\" data-e-type=\"section\">\n\t\t\t\t\t\t<div class=\"elementor-container elementor-column-gap-default\">\n\t\t\t\t\t<div class=\"elementor-column elementor-col-100 elementor-top-column elementor-element elementor-element-f599969\" data-id=\"f599969\" data-element_type=\"column\" data-e-type=\"column\">\n\t\t\t<div class=\"elementor-widget-wrap elementor-element-populated\">\n\t\t\t\t\t\t<section class=\"elementor-section elementor-inner-section elementor-element elementor-element-00dc9d3 elementor-section-boxed elementor-section-height-default elementor-section-height-default\" data-id=\"00dc9d3\" data-element_type=\"section\" data-e-type=\"section\">\n\t\t\t\t\t\t<div class=\"elementor-container elementor-column-gap-default\">\n\t\t\t\t\t<div class=\"elementor-column elementor-col-100 elementor-inner-column elementor-element elementor-element-35399d8\" data-id=\"35399d8\" data-element_type=\"column\" data-e-type=\"column\">\n\t\t\t<div class=\"elementor-widget-wrap elementor-element-populated\">\n\t\t\t\t\t\t<div class=\"elementor-element elementor-element-b936ab1 elementor-widget elementor-widget-heading\" data-id=\"b936ab1\" data-element_type=\"widget\" data-e-type=\"widget\" data-widget_type=\"heading.default\">\n\t\t\t\t<div class=\"elementor-widget-container\">\n\t\t\t\t\t<h2 class=\"elementor-heading-title elementor-size-default\">Unser Blog<\/h2>\t\t\t\t<\/div>\n\t\t\t\t<\/div>\n\t\t\t\t<div class=\"elementor-element elementor-element-9b6d942 elementor-widget elementor-widget-text-editor\" data-id=\"9b6d942\" data-element_type=\"widget\" data-e-type=\"widget\" data-widget_type=\"text-editor.default\">\n\t\t\t\t<div class=\"elementor-widget-container\">\n\t\t\t\t\t\t\t\t\t<p>Einblicke, Strategien und Geschichten aus der Produktentwicklung, Beschaffungsinnovation und Startup-Skalierung. Entwickelt, um Ihnen beim Wachstum zu helfen \u2013 ein kluger Schachzug nach dem anderen. <\/p>\t\t\t\t\t\t\t\t<\/div>\n\t\t\t\t<\/div>\n\t\t\t\t\t<\/div>\n\t\t<\/div>\n\t\t\t\t\t<\/div>\n\t\t<\/section>\n\t\t\t\t<div class=\"elementor-element elementor-element-1e00c67 elementor-widget elementor-widget-spacer\" data-id=\"1e00c67\" data-element_type=\"widget\" data-e-type=\"widget\" data-widget_type=\"spacer.default\">\n\t\t\t\t<div class=\"elementor-widget-container\">\n\t\t\t\t\t\t\t<div class=\"elementor-spacer\">\n\t\t\t<div class=\"elementor-spacer-inner\"><\/div>\n\t\t<\/div>\n\t\t\t\t\t\t<\/div>\n\t\t\t\t<\/div>\n\t\t\t\t<div class=\"elementor-element elementor-element-136bfd2 elementor-grid-3 elementor-grid-tablet-2 elementor-grid-mobile-1 elementor-posts--thumbnail-top elementor-card-shadow-yes elementor-posts__hover-gradient elementor-widget elementor-widget-posts\" data-id=\"136bfd2\" data-element_type=\"widget\" data-e-type=\"widget\" data-settings=\"{&quot;cards_columns&quot;:&quot;3&quot;,&quot;cards_columns_tablet&quot;:&quot;2&quot;,&quot;cards_columns_mobile&quot;:&quot;1&quot;,&quot;cards_row_gap&quot;:{&quot;unit&quot;:&quot;px&quot;,&quot;size&quot;:35,&quot;sizes&quot;:[]},&quot;cards_row_gap_tablet&quot;:{&quot;unit&quot;:&quot;px&quot;,&quot;size&quot;:&quot;&quot;,&quot;sizes&quot;:[]},&quot;cards_row_gap_mobile&quot;:{&quot;unit&quot;:&quot;px&quot;,&quot;size&quot;:&quot;&quot;,&quot;sizes&quot;:[]}}\" data-widget_type=\"posts.cards\">\n\t\t\t\t<div class=\"elementor-widget-container\">\n\t\t\t\t\t\t\t<div class=\"elementor-posts-container elementor-posts elementor-posts--skin-cards elementor-grid\" role=\"list\">\n\t\t\t\t<article class=\"elementor-post elementor-grid-item post-3360 post type-post status-publish format-standard has-post-thumbnail hentry category-nicht-kategorisiert\" role=\"listitem\">\n\t\t\t<div class=\"elementor-post__card\">\n\t\t\t\t<a class=\"elementor-post__thumbnail__link\" href=\"https:\/\/whiteraventech.com\/de\/warum-startups-nicht-skalieren-koennen-und-wie-man-das-mit-der-richtigen-unterstuetzung-behebt\/\" tabindex=\"-1\" ><div class=\"elementor-post__thumbnail\"><img decoding=\"async\" width=\"768\" height=\"432\" src=\"https:\/\/whiteraventech.com\/wp-content\/uploads\/2025\/06\/WRT-Blog-768x432.jpg\" class=\"attachment-medium_large size-medium_large wp-image-3310\" alt=\"\" srcset=\"https:\/\/whiteraventech.com\/wp-content\/uploads\/2025\/06\/WRT-Blog-768x432.jpg 768w, https:\/\/whiteraventech.com\/wp-content\/uploads\/2025\/06\/WRT-Blog-300x169.jpg 300w, https:\/\/whiteraventech.com\/wp-content\/uploads\/2025\/06\/WRT-Blog-1024x576.jpg 1024w, https:\/\/whiteraventech.com\/wp-content\/uploads\/2025\/06\/WRT-Blog-1536x864.jpg 1536w, https:\/\/whiteraventech.com\/wp-content\/uploads\/2025\/06\/WRT-Blog-2048x1152.jpg 2048w\" sizes=\"(max-width: 768px) 100vw, 768px\" \/><\/div><\/a>\n\t\t\t\t<div class=\"elementor-post__text\">\n\t\t\t\t<h3 class=\"elementor-post__title\">\n\t\t\t<a href=\"https:\/\/whiteraventech.com\/de\/warum-startups-nicht-skalieren-koennen-und-wie-man-das-mit-der-richtigen-unterstuetzung-behebt\/\" >\n\t\t\t\tWarum Startups nicht skalieren k\u00f6nnen \u2013 und wie man das mit der richtigen Unterst\u00fctzung behebt\t\t\t<\/a>\n\t\t<\/h3>\n\t\t\n\t\t<a class=\"elementor-post__read-more\" href=\"https:\/\/whiteraventech.com\/de\/warum-startups-nicht-skalieren-koennen-und-wie-man-das-mit-der-richtigen-unterstuetzung-behebt\/\" aria-label=\"Read more about Warum Startups nicht skalieren k\u00f6nnen \u2013 und wie man das mit der richtigen Unterst\u00fctzung behebt\" tabindex=\"-1\" >\n\t\t\tMehr lesen \"\t\t<\/a>\n\n\t\t\t\t<\/div>\n\t\t\t\t\t<\/div>\n\t\t<\/article>\n\t\t\t\t<article class=\"elementor-post elementor-grid-item post-3354 post type-post status-publish format-standard has-post-thumbnail hentry category-nicht-kategorisiert\" role=\"listitem\">\n\t\t\t<div class=\"elementor-post__card\">\n\t\t\t\t<a class=\"elementor-post__thumbnail__link\" href=\"https:\/\/whiteraventech.com\/de\/so-bauen-sie-ein-leistungsstarkes-remote-tech-team-auf-ohne-den-verstand-zu-verlieren\/\" tabindex=\"-1\" ><div class=\"elementor-post__thumbnail\"><img decoding=\"async\" width=\"768\" height=\"432\" src=\"https:\/\/whiteraventech.com\/wp-content\/uploads\/2025\/06\/2-768x432.jpg\" class=\"attachment-medium_large size-medium_large wp-image-3320\" alt=\"Laptop screen showing a video call with four diverse team members, overlaid with text: \u20185 Tips to Build a High-Performing Remote Tech Team (Without Losing Your Mind).\" srcset=\"https:\/\/whiteraventech.com\/wp-content\/uploads\/2025\/06\/2-768x432.jpg 768w, https:\/\/whiteraventech.com\/wp-content\/uploads\/2025\/06\/2-300x169.jpg 300w, https:\/\/whiteraventech.com\/wp-content\/uploads\/2025\/06\/2-1024x576.jpg 1024w, https:\/\/whiteraventech.com\/wp-content\/uploads\/2025\/06\/2-1536x864.jpg 1536w, https:\/\/whiteraventech.com\/wp-content\/uploads\/2025\/06\/2-2048x1152.jpg 2048w\" sizes=\"(max-width: 768px) 100vw, 768px\" \/><\/div><\/a>\n\t\t\t\t<div class=\"elementor-post__text\">\n\t\t\t\t<h3 class=\"elementor-post__title\">\n\t\t\t<a href=\"https:\/\/whiteraventech.com\/de\/so-bauen-sie-ein-leistungsstarkes-remote-tech-team-auf-ohne-den-verstand-zu-verlieren\/\" >\n\t\t\t\tSo bauen Sie ein leistungsstarkes Remote-Tech-Team auf (ohne den Verstand zu verlieren)\t\t\t<\/a>\n\t\t<\/h3>\n\t\t\n\t\t<a class=\"elementor-post__read-more\" href=\"https:\/\/whiteraventech.com\/de\/so-bauen-sie-ein-leistungsstarkes-remote-tech-team-auf-ohne-den-verstand-zu-verlieren\/\" aria-label=\"Read more about So bauen Sie ein leistungsstarkes Remote-Tech-Team auf (ohne den Verstand zu verlieren)\" tabindex=\"-1\" >\n\t\t\tMehr lesen \"\t\t<\/a>\n\n\t\t\t\t<\/div>\n\t\t\t\t\t<\/div>\n\t\t<\/article>\n\t\t\t\t<article class=\"elementor-post elementor-grid-item post-3350 post type-post status-publish format-standard has-post-thumbnail hentry\" role=\"listitem\">\n\t\t\t<div class=\"elementor-post__card\">\n\t\t\t\t<a class=\"elementor-post__thumbnail__link\" href=\"https:\/\/whiteraventech.com\/de\/beschaffungssoftware-fuer-moderne-unternehmen-warum-e-mails-und-excel-sie-mehr-kosten-als-sie-denken\/\" tabindex=\"-1\" ><div class=\"elementor-post__thumbnail\"><img loading=\"lazy\" decoding=\"async\" width=\"768\" height=\"432\" src=\"https:\/\/whiteraventech.com\/wp-content\/uploads\/2025\/06\/WRT-Blog-3-768x432.jpg\" class=\"attachment-medium_large size-medium_large wp-image-3340\" alt=\"\" srcset=\"https:\/\/whiteraventech.com\/wp-content\/uploads\/2025\/06\/WRT-Blog-3-768x432.jpg 768w, https:\/\/whiteraventech.com\/wp-content\/uploads\/2025\/06\/WRT-Blog-3-300x169.jpg 300w, https:\/\/whiteraventech.com\/wp-content\/uploads\/2025\/06\/WRT-Blog-3-1024x576.jpg 1024w, https:\/\/whiteraventech.com\/wp-content\/uploads\/2025\/06\/WRT-Blog-3-1536x864.jpg 1536w, https:\/\/whiteraventech.com\/wp-content\/uploads\/2025\/06\/WRT-Blog-3-2048x1152.jpg 2048w\" sizes=\"(max-width: 768px) 100vw, 768px\" \/><\/div><\/a>\n\t\t\t\t<div class=\"elementor-post__text\">\n\t\t\t\t<h3 class=\"elementor-post__title\">\n\t\t\t<a href=\"https:\/\/whiteraventech.com\/de\/beschaffungssoftware-fuer-moderne-unternehmen-warum-e-mails-und-excel-sie-mehr-kosten-als-sie-denken\/\" >\n\t\t\t\tBeschaffungssoftware f\u00fcr moderne Unternehmen: Warum E-Mails und Excel Sie mehr kosten, als Sie denken\t\t\t<\/a>\n\t\t<\/h3>\n\t\t\n\t\t<a class=\"elementor-post__read-more\" href=\"https:\/\/whiteraventech.com\/de\/beschaffungssoftware-fuer-moderne-unternehmen-warum-e-mails-und-excel-sie-mehr-kosten-als-sie-denken\/\" aria-label=\"Read more about Beschaffungssoftware f\u00fcr moderne Unternehmen: Warum E-Mails und Excel Sie mehr kosten, als Sie denken\" tabindex=\"-1\" >\n\t\t\tMehr lesen \"\t\t<\/a>\n\n\t\t\t\t<\/div>\n\t\t\t\t\t<\/div>\n\t\t<\/article>\n\t\t\t\t<\/div>\n\t\t\n\t\t\t\t\t\t<\/div>\n\t\t\t\t<\/div>\n\t\t\t\t\t<\/div>\n\t\t<\/div>\n\t\t\t\t\t<\/div>\n\t\t<\/section>\n\t\t\t\t<\/div>\n\t\t","protected":false},"excerpt":{"rendered":"<p>\u00dcber White Raven Tech \u00dcber uns Ein Partner. Unendliche M\u00f6glichkeiten. White Raven Technologies (WRT) ist ein bikontinentales Technologieunternehmen mit Hauptsitz in den USA und Estland.<\/p>\n","protected":false},"author":2,"featured_media":0,"parent":0,"menu_order":0,"comment_status":"closed","ping_status":"closed","template":"elementor_header_footer","meta":{"_kadence_starter_templates_imported_post":false,"_kad_post_transparent":"","_kad_post_title":"","_kad_post_layout":"","_kad_post_sidebar_id":"","_kad_post_content_style":"","_kad_post_vertical_padding":"","_kad_post_feature":"","_kad_post_feature_position":"","_kad_post_header":false,"_kad_post_footer":false,"_kad_post_classname":"","footnotes":""},"class_list":["post-4077","page","type-page","status-publish","hentry"],"_links":{"self":[{"href":"https:\/\/whiteraventech.com\/de\/wp-json\/wp\/v2\/pages\/4077","targetHints":{"allow":["GET"]}}],"collection":[{"href":"https:\/\/whiteraventech.com\/de\/wp-json\/wp\/v2\/pages"}],"about":[{"href":"https:\/\/whiteraventech.com\/de\/wp-json\/wp\/v2\/types\/page"}],"author":[{"embeddable":true,"href":"https:\/\/whiteraventech.com\/de\/wp-json\/wp\/v2\/users\/2"}],"replies":[{"embeddable":true,"href":"https:\/\/whiteraventech.com\/de\/wp-json\/wp\/v2\/comments?post=4077"}],"version-history":[{"count":4,"href":"https:\/\/whiteraventech.com\/de\/wp-json\/wp\/v2\/pages\/4077\/revisions"}],"predecessor-version":[{"id":4096,"href":"https:\/\/whiteraventech.com\/de\/wp-json\/wp\/v2\/pages\/4077\/revisions\/4096"}],"wp:attachment":[{"href":"https:\/\/whiteraventech.com\/de\/wp-json\/wp\/v2\/media?parent=4077"}],"curies":[{"name":"wp","href":"https:\/\/api.w.org\/{rel}","templated":true}]}}